{"id":28,"date":"2012-05-22T20:43:52","date_gmt":"2012-05-23T00:43:52","guid":{"rendered":"http:\/\/aliquando.id-3.net\/?page_id=28"},"modified":"2021-10-05T15:48:22","modified_gmt":"2021-10-05T19:48:22","slug":"nos-proprietes","status":"publish","type":"page","link":"https:\/\/equipewilliamjohnson.com\/en\/nos-proprietes\/","title":{"rendered":"Our properties"},"content":{"rendered":"<p><\/p>\n<p><\/p>","protected":false},"excerpt":{"rendered":"","protected":false},"author":1,"featured_media":0,"parent":0,"menu_order":10,"comment_status":"open","ping_status":"closed","template":"t_listings.php","meta":{"_acf_changed":false,"footnotes":""},"class_list":["post-28","page","type-page","status-publish","hentry"],"acf":[],"yoast_head":"<!-- This site is optimized with the Yoast SEO plugin v26.7 - https:\/\/yoast.com\/wordpress\/plugins\/seo\/ -->\n<title>Nos propri\u00e9t\u00e9sOur properties - William Johnson Team - Royal Lepage<\/title>\n<meta name=\"description\" content=\"Propri\u00e9t\u00e9s \u00e0 vendre Laurentides \u00cates-vous \u00e0 la recherche d&#039;une propri\u00e9t\u00e9 \u00e0 Ste-Rose, Laval et dans les Laurentides? D\u00e9couvrez les propri\u00e9t\u00e9s offertes par William Johnson et Maria Abbraccio, courtier immobilier Royal Lepage. Pour information, appelez au : 514-464-7297.\" \/>\n<meta name=\"robots\" content=\"index, follow, max-snippet:-1, max-image-preview:large, max-video-preview:-1\" \/>\n<link rel=\"canonical\" href=\"https:\/\/equipewilliamjohnson.com\/nos-proprietes\/\" \/>\n<meta property=\"og:locale\" content=\"en_US\" \/>\n<meta property=\"og:type\" content=\"article\" \/>\n<meta property=\"og:title\" content=\"Nos propri\u00e9t\u00e9sOur properties - William Johnson Team - Royal Lepage\" \/>\n<meta property=\"og:description\" content=\"Propri\u00e9t\u00e9s \u00e0 vendre Laurentides \u00cates-vous \u00e0 la recherche d&#039;une propri\u00e9t\u00e9 \u00e0 Ste-Rose, Laval et dans les Laurentides? D\u00e9couvrez les propri\u00e9t\u00e9s offertes par William Johnson et Maria Abbraccio, courtier immobilier Royal Lepage. Pour information, appelez au : 514-464-7297.\" \/>\n<meta property=\"og:url\" content=\"https:\/\/equipewilliamjohnson.com\/nos-proprietes\/\" \/>\n<meta property=\"og:site_name\" content=\"William Johnson Team - Royal Lepage\" \/>\n<meta property=\"article:publisher\" content=\"https:\/\/www.facebook.com\/williamjohnsoncourtier\/\" \/>\n<meta property=\"article:modified_time\" content=\"2021-10-05T19:48:22+00:00\" \/>\n<meta name=\"twitter:card\" content=\"summary_large_image\" \/>\n<meta name=\"twitter:site\" content=\"@WJimmobilier\" \/>\n<script type=\"application\/ld+json\" class=\"yoast-schema-graph\">{\"@context\":\"https:\/\/schema.org\",\"@graph\":[{\"@type\":\"WebPage\",\"@id\":\"https:\/\/equipewilliamjohnson.com\/nos-proprietes\/\",\"url\":\"https:\/\/equipewilliamjohnson.com\/nos-proprietes\/\",\"name\":\"Nos propri\u00e9t\u00e9sOur properties - William Johnson Team - Royal Lepage\",\"isPartOf\":{\"@id\":\"https:\/\/equipewilliamjohnson.com\/#website\"},\"datePublished\":\"2012-05-23T00:43:52+00:00\",\"dateModified\":\"2021-10-05T19:48:22+00:00\",\"description\":\"Propri\u00e9t\u00e9s \u00e0 vendre Laurentides \u00cates-vous \u00e0 la recherche d'une propri\u00e9t\u00e9 \u00e0 Ste-Rose, Laval et dans les Laurentides? D\u00e9couvrez les propri\u00e9t\u00e9s offertes par William Johnson et Maria Abbraccio, courtier immobilier Royal Lepage. Pour information, appelez au : 514-464-7297.\",\"breadcrumb\":{\"@id\":\"https:\/\/equipewilliamjohnson.com\/nos-proprietes\/#breadcrumb\"},\"inLanguage\":\"en-US\",\"potentialAction\":[{\"@type\":\"ReadAction\",\"target\":[\"https:\/\/equipewilliamjohnson.com\/nos-proprietes\/\"]}]},{\"@type\":\"BreadcrumbList\",\"@id\":\"https:\/\/equipewilliamjohnson.com\/nos-proprietes\/#breadcrumb\",\"itemListElement\":[{\"@type\":\"ListItem\",\"position\":1,\"name\":\"Accueil\",\"item\":\"https:\/\/equipewilliamjohnson.com\/\"},{\"@type\":\"ListItem\",\"position\":2,\"name\":\"Nos propri\u00e9t\u00e9s\"}]},{\"@type\":\"WebSite\",\"@id\":\"https:\/\/equipewilliamjohnson.com\/#website\",\"url\":\"https:\/\/equipewilliamjohnson.com\/\",\"name\":\"William Johnson Team - Royal Lepage\",\"description\":\"Real Estate Brokers\",\"potentialAction\":[{\"@type\":\"SearchAction\",\"target\":{\"@type\":\"EntryPoint\",\"urlTemplate\":\"https:\/\/equipewilliamjohnson.com\/?s={search_term_string}\"},\"query-input\":{\"@type\":\"PropertyValueSpecification\",\"valueRequired\":true,\"valueName\":\"search_term_string\"}}],\"inLanguage\":\"en-US\"}]}<\/script>\n<!-- \/ Yoast SEO plugin. -->","yoast_head_json":{"title":"Nos propri\u00e9t\u00e9sOur properties - William Johnson Team - Royal Lepage","description":"Propri\u00e9t\u00e9s \u00e0 vendre Laurentides \u00cates-vous \u00e0 la recherche d'une propri\u00e9t\u00e9 \u00e0 Ste-Rose, Laval et dans les Laurentides? D\u00e9couvrez les propri\u00e9t\u00e9s offertes par William Johnson et Maria Abbraccio, courtier immobilier Royal Lepage. Pour information, appelez au : 514-464-7297.","robots":{"index":"index","follow":"follow","max-snippet":"max-snippet:-1","max-image-preview":"max-image-preview:large","max-video-preview":"max-video-preview:-1"},"canonical":"https:\/\/equipewilliamjohnson.com\/nos-proprietes\/","og_locale":"en_US","og_type":"article","og_title":"Nos propri\u00e9t\u00e9sOur properties - William Johnson Team - Royal Lepage","og_description":"Propri\u00e9t\u00e9s \u00e0 vendre Laurentides \u00cates-vous \u00e0 la recherche d'une propri\u00e9t\u00e9 \u00e0 Ste-Rose, Laval et dans les Laurentides? D\u00e9couvrez les propri\u00e9t\u00e9s offertes par William Johnson et Maria Abbraccio, courtier immobilier Royal Lepage. Pour information, appelez au : 514-464-7297.","og_url":"https:\/\/equipewilliamjohnson.com\/nos-proprietes\/","og_site_name":"William Johnson Team - Royal Lepage","article_publisher":"https:\/\/www.facebook.com\/williamjohnsoncourtier\/","article_modified_time":"2021-10-05T19:48:22+00:00","twitter_card":"summary_large_image","twitter_site":"@WJimmobilier","schema":{"@context":"https:\/\/schema.org","@graph":[{"@type":"WebPage","@id":"https:\/\/equipewilliamjohnson.com\/nos-proprietes\/","url":"https:\/\/equipewilliamjohnson.com\/nos-proprietes\/","name":"Nos propri\u00e9t\u00e9sOur properties - William Johnson Team - Royal Lepage","isPartOf":{"@id":"https:\/\/equipewilliamjohnson.com\/#website"},"datePublished":"2012-05-23T00:43:52+00:00","dateModified":"2021-10-05T19:48:22+00:00","description":"Propri\u00e9t\u00e9s \u00e0 vendre Laurentides \u00cates-vous \u00e0 la recherche d'une propri\u00e9t\u00e9 \u00e0 Ste-Rose, Laval et dans les Laurentides? D\u00e9couvrez les propri\u00e9t\u00e9s offertes par William Johnson et Maria Abbraccio, courtier immobilier Royal Lepage. Pour information, appelez au : 514-464-7297.","breadcrumb":{"@id":"https:\/\/equipewilliamjohnson.com\/nos-proprietes\/#breadcrumb"},"inLanguage":"en-US","potentialAction":[{"@type":"ReadAction","target":["https:\/\/equipewilliamjohnson.com\/nos-proprietes\/"]}]},{"@type":"BreadcrumbList","@id":"https:\/\/equipewilliamjohnson.com\/nos-proprietes\/#breadcrumb","itemListElement":[{"@type":"ListItem","position":1,"name":"Accueil","item":"https:\/\/equipewilliamjohnson.com\/"},{"@type":"ListItem","position":2,"name":"Nos propri\u00e9t\u00e9s"}]},{"@type":"WebSite","@id":"https:\/\/equipewilliamjohnson.com\/#website","url":"https:\/\/equipewilliamjohnson.com\/","name":"William Johnson Team - Royal Lepage","description":"Real Estate Brokers","potentialAction":[{"@type":"SearchAction","target":{"@type":"EntryPoint","urlTemplate":"https:\/\/equipewilliamjohnson.com\/?s={search_term_string}"},"query-input":{"@type":"PropertyValueSpecification","valueRequired":true,"valueName":"search_term_string"}}],"inLanguage":"en-US"}]}},"_links":{"self":[{"href":"https:\/\/equipewilliamjohnson.com\/en\/wp-json\/wp\/v2\/pages\/28","targetHints":{"allow":["GET"]}}],"collection":[{"href":"https:\/\/equipewilliamjohnson.com\/en\/wp-json\/wp\/v2\/pages"}],"about":[{"href":"https:\/\/equipewilliamjohnson.com\/en\/wp-json\/wp\/v2\/types\/page"}],"author":[{"embeddable":true,"href":"https:\/\/equipewilliamjohnson.com\/en\/wp-json\/wp\/v2\/users\/1"}],"replies":[{"embeddable":true,"href":"https:\/\/equipewilliamjohnson.com\/en\/wp-json\/wp\/v2\/comments?post=28"}],"version-history":[{"count":2,"href":"https:\/\/equipewilliamjohnson.com\/en\/wp-json\/wp\/v2\/pages\/28\/revisions"}],"predecessor-version":[{"id":493,"href":"https:\/\/equipewilliamjohnson.com\/en\/wp-json\/wp\/v2\/pages\/28\/revisions\/493"}],"wp:attachment":[{"href":"https:\/\/equipewilliamjohnson.com\/en\/wp-json\/wp\/v2\/media?parent=28"}],"curies":[{"name":"wp","href":"https:\/\/api.w.org\/{rel}","templated":true}]}}